{"id":482,"date":"2024-12-25T13:09:28","date_gmt":"2024-12-25T10:09:28","guid":{"rendered":"https:\/\/gozcuhukuk.net\/?page_id=482"},"modified":"2024-12-25T13:09:28","modified_gmt":"2024-12-25T10:09:28","slug":"selen-kaya","status":"publish","type":"page","link":"https:\/\/gozcuhukuk.net\/?page_id=482","title":{"rendered":"Selen KAYA"},"content":{"rendered":"\n<p>Alanya Kemal \u015euberi \u0130lk\u00f6\u011fretim Okulundan mezun olduktan sonra \u00f6\u011frenimini \u0130stanbul&#8217;da tamamlam\u0131\u015ft\u0131r. 2018 tarihinden beri G\u00f6zc\u00fc Hukuk ve Arabuluculuk b\u00fcrosunda \u00e7al\u0131\u015fmaktad\u0131r. Uzmanl\u0131k alanlar\u0131 \u015firketler hukuku, dan\u0131\u015fmanl\u0131k, idare hukuku i\u015f hukuku, icra iflas hukukudur.<\/p>\n","protected":false},"excerpt":{"rendered":"<p>Alanya Kemal \u015euberi \u0130lk\u00f6\u011fretim Okulundan mezun olduktan sonra \u00f6\u011frenimini \u0130stanbul&#8217;da tamamlam\u0131\u015ft\u0131r. 2018 tarihinden beri G\u00f6zc\u00fc Hukuk ve Arabuluculuk b\u00fcrosunda \u00e7al\u0131\u015fmaktad\u0131r. Uzmanl\u0131k alanlar\u0131 \u015firketler hukuku, dan\u0131\u015fmanl\u0131k, idare hukuku i\u015f hukuku, icra iflas hukukudur.<\/p>\n","protected":false},"author":1,"featured_media":0,"parent":0,"menu_order":0,"comment_status":"closed","ping_status":"closed","template":"","meta":{"neve_meta_sidebar":"","neve_meta_container":"","neve_meta_enable_content_width":"","neve_meta_content_width":0,"neve_meta_title_alignment":"","neve_meta_author_avatar":"","neve_post_elements_order":"","neve_meta_disable_header":"","neve_meta_disable_footer":"","neve_meta_disable_title":"","footnotes":""},"class_list":["post-482","page","type-page","status-publish","hentry"],"_links":{"self":[{"href":"https:\/\/gozcuhukuk.net\/index.php?rest_route=\/wp\/v2\/pages\/482","targetHints":{"allow":["GET"]}}],"collection":[{"href":"https:\/\/gozcuhukuk.net\/index.php?rest_route=\/wp\/v2\/pages"}],"about":[{"href":"https:\/\/gozcuhukuk.net\/index.php?rest_route=\/wp\/v2\/types\/page"}],"author":[{"embeddable":true,"href":"https:\/\/gozcuhukuk.net\/index.php?rest_route=\/wp\/v2\/users\/1"}],"replies":[{"embeddable":true,"href":"https:\/\/gozcuhukuk.net\/index.php?rest_route=%2Fwp%2Fv2%2Fcomments&post=482"}],"version-history":[{"count":1,"href":"https:\/\/gozcuhukuk.net\/index.php?rest_route=\/wp\/v2\/pages\/482\/revisions"}],"predecessor-version":[{"id":483,"href":"https:\/\/gozcuhukuk.net\/index.php?rest_route=\/wp\/v2\/pages\/482\/revisions\/483"}],"wp:attachment":[{"href":"https:\/\/gozcuhukuk.net\/index.php?rest_route=%2Fwp%2Fv2%2Fmedia&parent=482"}],"curies":[{"name":"wp","href":"https:\/\/api.w.org\/{rel}","templated":true}]}}