{"id":454,"date":"2024-08-16T22:44:25","date_gmt":"2024-08-16T19:44:25","guid":{"rendered":"https:\/\/gozcuhukuk.net\/?page_id=454"},"modified":"2024-11-18T13:38:02","modified_gmt":"2024-11-18T10:38:02","slug":"ahmet-senturk","status":"publish","type":"page","link":"https:\/\/gozcuhukuk.net\/?page_id=454","title":{"rendered":"Ahmet \u015eENT\u00dcRK"},"content":{"rendered":"\n<p>E\u011fitim hayat\u0131na Trabzon G\u00fcrp\u0131nar \u0130lk\u00f6\u011fretim okulunda ba\u015flayan Ahmet \u015eent\u00fcrk, Lise \u00f6\u011frenimini Of Solakl\u0131 Anadolu Lisesinde tamamlad\u0131. Fatih Sultan Mehmet Vak\u0131f \u00dcniversitesi Hukuk Fak\u00fcltesinden mezun oldu. 2021 y\u0131l\u0131 Eyl\u00fcl ay\u0131nda G\u00f6zc\u00fc Hukuk B\u00fcrosu b\u00fcnyesinde Stajyer Avukat olarak \u00e7al\u0131\u015fmaya ba\u015flad\u0131. 2024 senesinde ise Avukat \u00fcnvan\u0131 ile b\u00fcnyemizde \u00e7al\u0131\u015fmaya devam etmektedir.<\/p>\n","protected":false},"excerpt":{"rendered":"<p>E\u011fitim hayat\u0131na Trabzon G\u00fcrp\u0131nar \u0130lk\u00f6\u011fretim okulunda ba\u015flayan Ahmet \u015eent\u00fcrk, Lise \u00f6\u011frenimini Of Solakl\u0131 Anadolu Lisesinde tamamlad\u0131. Fatih Sultan Mehmet Vak\u0131f \u00dcniversitesi Hukuk Fak\u00fcltesinden mezun oldu. 2021 y\u0131l\u0131 Eyl\u00fcl ay\u0131nda G\u00f6zc\u00fc Hukuk B\u00fcrosu b\u00fcnyesinde Stajyer Avukat olarak \u00e7al\u0131\u015fmaya ba\u015flad\u0131. 2024 senesinde ise Avukat \u00fcnvan\u0131 ile b\u00fcnyemizde \u00e7al\u0131\u015fmaya devam etmektedir.<\/p>\n","protected":false},"author":1,"featured_media":0,"parent":0,"menu_order":0,"comment_status":"closed","ping_status":"closed","template":"","meta":{"neve_meta_sidebar":"","neve_meta_container":"","neve_meta_enable_content_width":"","neve_meta_content_width":0,"neve_meta_title_alignment":"","neve_meta_author_avatar":"","neve_post_elements_order":"","neve_meta_disable_header":"","neve_meta_disable_footer":"","neve_meta_disable_title":"","footnotes":""},"class_list":["post-454","page","type-page","status-publish","hentry"],"_links":{"self":[{"href":"https:\/\/gozcuhukuk.net\/index.php?rest_route=\/wp\/v2\/pages\/454","targetHints":{"allow":["GET"]}}],"collection":[{"href":"https:\/\/gozcuhukuk.net\/index.php?rest_route=\/wp\/v2\/pages"}],"about":[{"href":"https:\/\/gozcuhukuk.net\/index.php?rest_route=\/wp\/v2\/types\/page"}],"author":[{"embeddable":true,"href":"https:\/\/gozcuhukuk.net\/index.php?rest_route=\/wp\/v2\/users\/1"}],"replies":[{"embeddable":true,"href":"https:\/\/gozcuhukuk.net\/index.php?rest_route=%2Fwp%2Fv2%2Fcomments&post=454"}],"version-history":[{"count":2,"href":"https:\/\/gozcuhukuk.net\/index.php?rest_route=\/wp\/v2\/pages\/454\/revisions"}],"predecessor-version":[{"id":480,"href":"https:\/\/gozcuhukuk.net\/index.php?rest_route=\/wp\/v2\/pages\/454\/revisions\/480"}],"wp:attachment":[{"href":"https:\/\/gozcuhukuk.net\/index.php?rest_route=%2Fwp%2Fv2%2Fmedia&parent=454"}],"curies":[{"name":"wp","href":"https:\/\/api.w.org\/{rel}","templated":true}]}}