{"id":442,"date":"2024-08-16T22:39:54","date_gmt":"2024-08-16T19:39:54","guid":{"rendered":"https:\/\/gozcuhukuk.net\/?page_id=442"},"modified":"2024-08-16T22:39:54","modified_gmt":"2024-08-16T19:39:54","slug":"av-emrullah-gozcu","status":"publish","type":"page","link":"https:\/\/gozcuhukuk.net\/?page_id=442","title":{"rendered":"Av.Emrullah G\u00d6ZC\u00dc"},"content":{"rendered":"\n<p>19.07.1984 y\u0131l\u0131nda Rize\u2019de do\u011fdu. \u0130lk \u00f6\u011fretimi Yavuz K\u00f6y\u00fcnde, Orta\u00f6\u011fretimi Arde\u015fen imam Hatip Lisesinde, lise \u00f6\u011frenimi Arde\u015fen Yabanc\u0131 Dil A\u011f\u0131rl\u0131kl\u0131 Lisesinde, Y\u00fcksek\u00f6\u011frenimini Ankara \u00dcniversitesi Hukuk Fak\u00fcltesinde tamamlad\u0131. \u00d6\u011frencili\u011fini s\u0131ras\u0131yla \u00fcst \u00fcste iki donem \u00f6\u011frencilerin oylar\u0131yla Ankara Hukuk Fak\u00fcltesi \u00f6\u011frenci Konseyi Ba\u015fkan\u0131 se\u00e7ildi.<\/p>\n\n\n\n<p>T\u00fcrkiye K\u0131z\u0131lay Derne\u011fi \u0130stanbul \u015eube Ba\u015fkanl\u0131\u011f\u0131 Kurucu Genel Sekreter yard\u0131mc\u0131s\u0131 olarak K\u0131z\u0131lay \u0130stanbul \u015eube Ba\u015fkanl\u0131\u011f\u0131 kurulu\u015funda yer alm\u0131\u015f ve hala hukuk dan\u0131\u015fman\u0131 olarak \u0130stanbul K\u0131z\u0131lay \u015eube Ba\u015fkanl\u0131\u011f\u0131nda hizmet vermektedir. Ayn\u0131 zamanda Rize Vakf\u0131nda Y\u00f6netim Kurulu \u00dcyeli\u011fi g\u00f6revine se\u00e7ilmi\u015f bu g\u00f6revine h\u00e2lihaz\u0131rda devam etmektedir.3 d\u00f6nem Ak Parti Fatih \u0130l\u00e7e Ba\u015fkan Yard\u0131mc\u0131l\u0131\u011f\u0131na se\u00e7ilmi\u015f en son d\u00f6nemde Fatih Belediye Ba\u015fkanl\u0131\u011f\u0131na aday olmutur.<\/p>\n\n\n\n<p>Mezun olduktan sonra avukatl\u0131k staj\u0131n\u0131 Ankara\u2019da Maden Hukuku alan\u0131nda \u00e7al\u0131\u015fan bir b\u00fcroda tamamlad\u0131 ve 1 y\u0131l Ankara\u2019da avukatl\u0131k yapt\u0131. 12 ayl\u0131k vatani hizmetini Hakim Te\u011fmen s\u0131n\u0131f\u0131nda Mu\u015f Bing\u00f6l Tunceli Elaz\u0131\u011f b\u00f6lgesinde 8. Kolordu Komutanl\u0131\u011f\u0131 Askeri Savc\u0131s\u0131 olarak yerine getirdi.<\/p>\n\n\n\n<p>\u0130stanbul \u00dcniversitesinde misafir \u00f6\u011fretim g\u00f6revlisi olarak Maden Hukuku derslerine girmi\u015ftir. Mesle\u011fini serbest avukat olarak kendisinin kurdu\u011fu G\u00f6zc\u00fc Hukuk B\u00fcrosunda s\u00fcrd\u00fcrmekte olan Emrullah G\u00f6zc\u00fc Adalet Bakanl\u0131\u011f\u0131n\u0131n s\u0131navlar\u0131nda ba\u015far\u0131l\u0131 olarak Arabulucu \u00fcnvan\u0131n\u0131 da alm\u0131\u015ft\u0131r.<\/p>\n","protected":false},"excerpt":{"rendered":"<p>19.07.1984 y\u0131l\u0131nda Rize\u2019de do\u011fdu. \u0130lk \u00f6\u011fretimi Yavuz K\u00f6y\u00fcnde, Orta\u00f6\u011fretimi Arde\u015fen imam Hatip Lisesinde, lise \u00f6\u011frenimi Arde\u015fen Yabanc\u0131 Dil A\u011f\u0131rl\u0131kl\u0131 Lisesinde, Y\u00fcksek\u00f6\u011frenimini Ankara \u00dcniversitesi Hukuk Fak\u00fcltesinde tamamlad\u0131. \u00d6\u011frencili\u011fini s\u0131ras\u0131yla \u00fcst \u00fcste iki donem \u00f6\u011frencilerin oylar\u0131yla Ankara Hukuk Fak\u00fcltesi \u00f6\u011frenci Konseyi Ba\u015fkan\u0131 se\u00e7ildi. T\u00fcrkiye K\u0131z\u0131lay Derne\u011fi \u0130stanbul \u015eube Ba\u015fkanl\u0131\u011f\u0131 Kurucu Genel Sekreter yard\u0131mc\u0131s\u0131 olarak K\u0131z\u0131lay \u0130stanbul \u015eube&hellip;&nbsp;<a href=\"https:\/\/gozcuhukuk.net\/?page_id=442\" rel=\"bookmark\">Daha fazlas\u0131n\u0131 oku &raquo;<span class=\"screen-reader-text\">Av.Emrullah G\u00d6ZC\u00dc<\/span><\/a><\/p>\n","protected":false},"author":1,"featured_media":0,"parent":0,"menu_order":0,"comment_status":"closed","ping_status":"closed","template":"","meta":{"neve_meta_sidebar":"","neve_meta_container":"","neve_meta_enable_content_width":"","neve_meta_content_width":0,"neve_meta_title_alignment":"","neve_meta_author_avatar":"","neve_post_elements_order":"","neve_meta_disable_header":"","neve_meta_disable_footer":"","neve_meta_disable_title":"","footnotes":""},"class_list":["post-442","page","type-page","status-publish","hentry"],"_links":{"self":[{"href":"https:\/\/gozcuhukuk.net\/index.php?rest_route=\/wp\/v2\/pages\/442","targetHints":{"allow":["GET"]}}],"collection":[{"href":"https:\/\/gozcuhukuk.net\/index.php?rest_route=\/wp\/v2\/pages"}],"about":[{"href":"https:\/\/gozcuhukuk.net\/index.php?rest_route=\/wp\/v2\/types\/page"}],"author":[{"embeddable":true,"href":"https:\/\/gozcuhukuk.net\/index.php?rest_route=\/wp\/v2\/users\/1"}],"replies":[{"embeddable":true,"href":"https:\/\/gozcuhukuk.net\/index.php?rest_route=%2Fwp%2Fv2%2Fcomments&post=442"}],"version-history":[{"count":1,"href":"https:\/\/gozcuhukuk.net\/index.php?rest_route=\/wp\/v2\/pages\/442\/revisions"}],"predecessor-version":[{"id":443,"href":"https:\/\/gozcuhukuk.net\/index.php?rest_route=\/wp\/v2\/pages\/442\/revisions\/443"}],"wp:attachment":[{"href":"https:\/\/gozcuhukuk.net\/index.php?rest_route=%2Fwp%2Fv2%2Fmedia&parent=442"}],"curies":[{"name":"wp","href":"https:\/\/api.w.org\/{rel}","templated":true}]}}