{"id":18,"date":"2024-08-16T16:22:29","date_gmt":"2024-08-16T13:22:29","guid":{"rendered":"https:\/\/gozcuhukuk.net\/?page_id=18"},"modified":"2024-08-16T22:50:09","modified_gmt":"2024-08-16T19:50:09","slug":"iletisim","status":"publish","type":"page","link":"https:\/\/gozcuhukuk.net\/?page_id=18","title":{"rendered":"\u0130LET\u0130\u015e\u0130M"},"content":{"rendered":"\n<p><strong>G\u00f6zc\u00fc Hukuk B\u00fcrosu<\/strong><br>Parima Rezidans-Maltepe Mah. Eski \u00c7\u0131rp\u0131c\u0131 Yoku\u015fu Yolu Cad.<br>No:8 Kat 10 Daire:126 34010 Cevizliba\u011f Zeytinburnu \/ \u0130stanbul<br><strong>Telefon:<\/strong> 0 212 803 67 79<br><strong>E-Mail:<\/strong> <a href=\"mailto:avemrullahgozcu@gmail.com\">avemrullahgozcu@gmail.com<\/a><\/p>\n\n\n\n<iframe src=\"https:\/\/www.google.com\/maps\/embed?pb=!1m18!1m12!1m3!1d3010.5551228259537!2d28.89975287645049!3d41.013109519126814!2m3!1f0!2f0!3f0!3m2!1i1024!2i768!4f13.1!3m3!1m2!1s0x14cabb01a44cd997%3A0x6264aa230e88ea30!2sParima%20Ofis!5e0!3m2!1str!2str!4v1723837665395!5m2!1str!2str\" width=\"600\" height=\"450\" style=\"border:0;\" allowfullscreen=\"\" loading=\"lazy\" referrerpolicy=\"no-referrer-when-downgrade\"><\/iframe>\n","protected":false},"excerpt":{"rendered":"<p>G\u00f6zc\u00fc Hukuk B\u00fcrosuParima Rezidans-Maltepe Mah. Eski \u00c7\u0131rp\u0131c\u0131 Yoku\u015fu Yolu Cad.No:8 Kat 10 Daire:126 34010 Cevizliba\u011f Zeytinburnu \/ \u0130stanbulTelefon: 0 212 803 67 79E-Mail: avemrullahgozcu@gmail.com<\/p>\n","protected":false},"author":1,"featured_media":0,"parent":0,"menu_order":0,"comment_status":"closed","ping_status":"closed","template":"","meta":{"neve_meta_sidebar":"","neve_meta_container":"","neve_meta_enable_content_width":"","neve_meta_content_width":0,"neve_meta_title_alignment":"","neve_meta_author_avatar":"","neve_post_elements_order":"","neve_meta_disable_header":"","neve_meta_disable_footer":"","neve_meta_disable_title":"","footnotes":""},"class_list":["post-18","page","type-page","status-publish","hentry"],"_links":{"self":[{"href":"https:\/\/gozcuhukuk.net\/index.php?rest_route=\/wp\/v2\/pages\/18","targetHints":{"allow":["GET"]}}],"collection":[{"href":"https:\/\/gozcuhukuk.net\/index.php?rest_route=\/wp\/v2\/pages"}],"about":[{"href":"https:\/\/gozcuhukuk.net\/index.php?rest_route=\/wp\/v2\/types\/page"}],"author":[{"embeddable":true,"href":"https:\/\/gozcuhukuk.net\/index.php?rest_route=\/wp\/v2\/users\/1"}],"replies":[{"embeddable":true,"href":"https:\/\/gozcuhukuk.net\/index.php?rest_route=%2Fwp%2Fv2%2Fcomments&post=18"}],"version-history":[{"count":2,"href":"https:\/\/gozcuhukuk.net\/index.php?rest_route=\/wp\/v2\/pages\/18\/revisions"}],"predecessor-version":[{"id":460,"href":"https:\/\/gozcuhukuk.net\/index.php?rest_route=\/wp\/v2\/pages\/18\/revisions\/460"}],"wp:attachment":[{"href":"https:\/\/gozcuhukuk.net\/index.php?rest_route=%2Fwp%2Fv2%2Fmedia&parent=18"}],"curies":[{"name":"wp","href":"https:\/\/api.w.org\/{rel}","templated":true}]}}