{"id":14,"date":"2024-08-16T16:20:50","date_gmt":"2024-08-16T13:20:50","guid":{"rendered":"https:\/\/gozcuhukuk.net\/?page_id=14"},"modified":"2026-01-22T15:57:39","modified_gmt":"2026-01-22T12:57:39","slug":"kadromuz","status":"publish","type":"page","link":"https:\/\/gozcuhukuk.net\/?page_id=14","title":{"rendered":"KADROMUZ"},"content":{"rendered":"\n<p><strong>Y\u00f6neticimiz<\/strong>;<br><a href=\"https:\/\/gozcuhukuk.net\/?page_id=442\">EMRULLAH G\u00d6ZC\u00dc<\/a><\/p>\n\n\n\n<p><strong>Avukatlar\u0131m\u0131z:<\/strong><br><a href=\"https:\/\/gozcuhukuk.net\/?page_id=454\" data-type=\"page\" data-id=\"454\">AHMET \u015eENT\u00dcRK<\/a><\/p>\n\n\n\n<p><a href=\"https:\/\/gozcuhukuk.net\/?page_id=482\" data-type=\"page\" data-id=\"482\">SELEN KAYA<\/a><\/p>\n\n\n\n<p><\/p>\n","protected":false},"excerpt":{"rendered":"<p>Y\u00f6neticimiz;EMRULLAH G\u00d6ZC\u00dc Avukatlar\u0131m\u0131z:AHMET \u015eENT\u00dcRK SELEN KAYA<\/p>\n","protected":false},"author":1,"featured_media":0,"parent":0,"menu_order":0,"comment_status":"closed","ping_status":"closed","template":"","meta":{"neve_meta_sidebar":"","neve_meta_container":"","neve_meta_enable_content_width":"","neve_meta_content_width":0,"neve_meta_title_alignment":"","neve_meta_author_avatar":"","neve_post_elements_order":"","neve_meta_disable_header":"","neve_meta_disable_footer":"","neve_meta_disable_title":"","footnotes":""},"class_list":["post-14","page","type-page","status-publish","hentry"],"_links":{"self":[{"href":"https:\/\/gozcuhukuk.net\/index.php?rest_route=\/wp\/v2\/pages\/14","targetHints":{"allow":["GET"]}}],"collection":[{"href":"https:\/\/gozcuhukuk.net\/index.php?rest_route=\/wp\/v2\/pages"}],"about":[{"href":"https:\/\/gozcuhukuk.net\/index.php?rest_route=\/wp\/v2\/types\/page"}],"author":[{"embeddable":true,"href":"https:\/\/gozcuhukuk.net\/index.php?rest_route=\/wp\/v2\/users\/1"}],"replies":[{"embeddable":true,"href":"https:\/\/gozcuhukuk.net\/index.php?rest_route=%2Fwp%2Fv2%2Fcomments&post=14"}],"version-history":[{"count":6,"href":"https:\/\/gozcuhukuk.net\/index.php?rest_route=\/wp\/v2\/pages\/14\/revisions"}],"predecessor-version":[{"id":487,"href":"https:\/\/gozcuhukuk.net\/index.php?rest_route=\/wp\/v2\/pages\/14\/revisions\/487"}],"wp:attachment":[{"href":"https:\/\/gozcuhukuk.net\/index.php?rest_route=%2Fwp%2Fv2%2Fmedia&parent=14"}],"curies":[{"name":"wp","href":"https:\/\/api.w.org\/{rel}","templated":true}]}}