{"id":11,"date":"2024-08-16T16:20:19","date_gmt":"2024-08-16T13:20:19","guid":{"rendered":"https:\/\/gozcuhukuk.net\/?page_id=11"},"modified":"2024-08-16T16:20:20","modified_gmt":"2024-08-16T13:20:20","slug":"hakkimizda","status":"publish","type":"page","link":"https:\/\/gozcuhukuk.net\/?page_id=11","title":{"rendered":"HAKKIMIZDA"},"content":{"rendered":"\n<p>\u0130stanbul \u00dcniversitesinde uzun bir d\u00f6nem \u00f6\u011fretim g\u00f6revlisi olarak \u0130dari Yarg\u0131 \u00f6zelinde Maden hukuku dersleri veren Av. Arb. Emrullah G\u00d6ZC\u00dc taraf\u0131ndan 2011 y\u0131l\u0131nda kurulan G\u00f6zc\u00fc Hukuk ve Arabuluculuk b\u00fcrosu \u00f6zellikle \u00f6nemli \u015firket ve kurumlara dan\u0131\u015fmanl\u0131k hizmetinin yan\u0131nda \u0130mar sorunlar\u0131 ,i\u015fyeri kapatma, ruhsat \u0130ptal gibi \u0130dare Hukuku davalar\u0131nda, madencilik sekt\u00f6r\u00fcnde s\u0131k kar\u015f\u0131la\u015f\u0131lan orman izni verilmemesi, \u00e7evre izni verilmemesi, maden ruhsat\u0131 verilmemesi, faaliyet durdurma, \u00e7evre \u0130zninin uzat\u0131lmamas\u0131 gibi maden hukuku davalar\u0131nda ve g\u00fcmr\u00fck, vergi mevzuat\u0131ndan kaynaklanan b\u00fct\u00fcn vergi mahkemeleri davalar\u0131 konusunda hizmet vermektedir. G\u00f6zc\u00fc Hukuk Ve Arabuluculuk B\u00fcrosu , Uzmanl\u0131k alanlar\u0131 konusunda \u00f6zellikle hukuk b\u00fcrolar\u0131na ve avukatlara \u00e7\u00f6z\u00fcm ortakl\u0131\u011f\u0131 hizmeti sunmakta Ceza, Sigorta, Milletler aras\u0131 \u00d6zel Hukuk alan\u0131nda ise T\u00fcrkiye&#8217;nin say\u0131l\u0131 hukuk b\u00fcrolar\u0131ndan ve avukatlar\u0131ndan \u00e7\u00f6z\u00fcm ortakl\u0131\u011f\u0131 hizmeti almaktad\u0131r.<\/p>\n","protected":false},"excerpt":{"rendered":"<p>\u0130stanbul \u00dcniversitesinde uzun bir d\u00f6nem \u00f6\u011fretim g\u00f6revlisi olarak \u0130dari Yarg\u0131 \u00f6zelinde Maden hukuku dersleri veren Av. Arb. Emrullah G\u00d6ZC\u00dc taraf\u0131ndan 2011 y\u0131l\u0131nda kurulan G\u00f6zc\u00fc Hukuk ve Arabuluculuk b\u00fcrosu \u00f6zellikle \u00f6nemli \u015firket ve kurumlara dan\u0131\u015fmanl\u0131k hizmetinin yan\u0131nda \u0130mar sorunlar\u0131 ,i\u015fyeri kapatma, ruhsat \u0130ptal gibi \u0130dare Hukuku davalar\u0131nda, madencilik sekt\u00f6r\u00fcnde s\u0131k kar\u015f\u0131la\u015f\u0131lan orman izni verilmemesi, \u00e7evre izni&hellip;&nbsp;<a href=\"https:\/\/gozcuhukuk.net\/?page_id=11\" rel=\"bookmark\">Daha fazlas\u0131n\u0131 oku &raquo;<span class=\"screen-reader-text\">HAKKIMIZDA<\/span><\/a><\/p>\n","protected":false},"author":1,"featured_media":0,"parent":0,"menu_order":0,"comment_status":"closed","ping_status":"closed","template":"","meta":{"neve_meta_sidebar":"","neve_meta_container":"","neve_meta_enable_content_width":"","neve_meta_content_width":0,"neve_meta_title_alignment":"","neve_meta_author_avatar":"","neve_post_elements_order":"","neve_meta_disable_header":"","neve_meta_disable_footer":"","neve_meta_disable_title":"","footnotes":""},"class_list":["post-11","page","type-page","status-publish","hentry"],"_links":{"self":[{"href":"https:\/\/gozcuhukuk.net\/index.php?rest_route=\/wp\/v2\/pages\/11","targetHints":{"allow":["GET"]}}],"collection":[{"href":"https:\/\/gozcuhukuk.net\/index.php?rest_route=\/wp\/v2\/pages"}],"about":[{"href":"https:\/\/gozcuhukuk.net\/index.php?rest_route=\/wp\/v2\/types\/page"}],"author":[{"embeddable":true,"href":"https:\/\/gozcuhukuk.net\/index.php?rest_route=\/wp\/v2\/users\/1"}],"replies":[{"embeddable":true,"href":"https:\/\/gozcuhukuk.net\/index.php?rest_route=%2Fwp%2Fv2%2Fcomments&post=11"}],"version-history":[{"count":1,"href":"https:\/\/gozcuhukuk.net\/index.php?rest_route=\/wp\/v2\/pages\/11\/revisions"}],"predecessor-version":[{"id":13,"href":"https:\/\/gozcuhukuk.net\/index.php?rest_route=\/wp\/v2\/pages\/11\/revisions\/13"}],"wp:attachment":[{"href":"https:\/\/gozcuhukuk.net\/index.php?rest_route=%2Fwp%2Fv2%2Fmedia&parent=11"}],"curies":[{"name":"wp","href":"https:\/\/api.w.org\/{rel}","templated":true}]}}